{"id":10,"date":"2019-01-07T21:59:01","date_gmt":"2019-01-07T21:59:01","guid":{"rendered":"http:\/\/echtundlebendig.de\/?page_id=10"},"modified":"2019-01-12T23:28:09","modified_gmt":"2019-01-12T23:28:09","slug":"hochzeitsfotografie","status":"publish","type":"page","link":"http:\/\/echtundlebendig.de\/?page_id=10","title":{"rendered":"Hochzeitsfotografie"},"content":{"rendered":"<p>Hochzeitsfotografie ist ein besonders anspruchsvoller Bereich der Fotografie.<\/p>\n<p>In meinen Augen muss ein Fotograf oder eine Fotografin hier eine Vielzahl an Genres beherrschen (Reportage im Verlauf des Tages, Stillleben und Detailsshots von der Deko, je nach Location Geb\u00e4ude- und Landschaftsfotografie, Gruppenfoto und nat\u00fcrlich das Paarshooting).<\/p>\n<p>Dazu geh\u00f6ren auch noch eine Reihe an F\u00e4higkeiten: ein Gef\u00fchl f\u00fcr den Moment zu haben, um zur rechten Zeit am besten Ort zu sein (die Momente erwischt man, oder man verpasst sie &#8211; es l\u00e4sst sich nichts nachstellen oder wiederholen), alle technischen Details aus dem Stand zu kennen und vor allem, sympathisch als Mensch auftreten mit dem man sprechen und Spa\u00df haben kann &#8211; mindestens ebenso wichtig wie die technische Versiertheit ist es, dass ihr und eure G\u00e4ste ein gutes Gef\u00fchl beim Fotografen habt.<\/p>\n<p>Je besser die Energie, desto sch\u00f6ner werden am Ende die Fotos. Fotografieren und fotografiert werden, ist immer auch eine Sache des Vertrauens.<\/p>\n<p>&nbsp;<\/p>\n<p><img loading=\"lazy\" decoding=\"async\" src=\"http:\/\/echtundlebendig.de\/wp-content\/uploads\/2019\/01\/20171104-_MG_0814-2-2.jpg\" class=\"alignnone size-full wp-image-184\" alt=\"20171104-_MG_0814-2\" width=\"3840\" height=\"5760\" srcset=\"http:\/\/echtundlebendig.de\/wp-content\/uploads\/2019\/01\/20171104-_MG_0814-2-2.jpg 3840w, http:\/\/echtundlebendig.de\/wp-content\/uploads\/2019\/01\/20171104-_MG_0814-2-2-200x300.jpg 200w, http:\/\/echtundlebendig.de\/wp-content\/uploads\/2019\/01\/20171104-_MG_0814-2-2-768x1152.jpg 768w, http:\/\/echtundlebendig.de\/wp-content\/uploads\/2019\/01\/20171104-_MG_0814-2-2-683x1024.jpg 683w\" sizes=\"auto, (max-width: 3840px) 100vw, 3840px\" \/><img loading=\"lazy\" decoding=\"async\" src=\"http:\/\/echtundlebendig.de\/wp-content\/uploads\/2019\/01\/20160730-_MG_1838-1.jpg\" class=\"alignnone size-full wp-image-175\" alt=\"20160730-_MG_1838\" width=\"3840\" height=\"5760\" srcset=\"http:\/\/echtundlebendig.de\/wp-content\/uploads\/2019\/01\/20160730-_MG_1838-1.jpg 3840w, http:\/\/echtundlebendig.de\/wp-content\/uploads\/2019\/01\/20160730-_MG_1838-1-200x300.jpg 200w, http:\/\/echtundlebendig.de\/wp-content\/uploads\/2019\/01\/20160730-_MG_1838-1-768x1152.jpg 768w, http:\/\/echtundlebendig.de\/wp-content\/uploads\/2019\/01\/20160730-_MG_1838-1-683x1024.jpg 683w\" sizes=\"auto, (max-width: 3840px) 100vw, 3840px\" \/><img loading=\"lazy\" decoding=\"async\" src=\"http:\/\/echtundlebendig.de\/wp-content\/uploads\/2019\/01\/Mariposa2018-11.jpg\" class=\"alignnone size-full wp-image-158\" alt=\"Mariposa2018-11\" width=\"5760\" height=\"3840\" srcset=\"http:\/\/echtundlebendig.de\/wp-content\/uploads\/2019\/01\/Mariposa2018-11.jpg 5760w, http:\/\/echtundlebendig.de\/wp-content\/uploads\/2019\/01\/Mariposa2018-11-300x200.jpg 300w, http:\/\/echtundlebendig.de\/wp-content\/uploads\/2019\/01\/Mariposa2018-11-768x512.jpg 768w, http:\/\/echtundlebendig.de\/wp-content\/uploads\/2019\/01\/Mariposa2018-11-1024x683.jpg 1024w\" sizes=\"auto, (max-width: 5760px) 100vw, 5760px\" \/><img loading=\"lazy\" decoding=\"async\" src=\"http:\/\/echtundlebendig.de\/wp-content\/uploads\/2019\/01\/Oliver-Paarshoot-16.jpg\" class=\"alignnone size-full wp-image-132\" alt=\"Oliver-Paarshoot (16)\" width=\"2817\" height=\"1878\" srcset=\"http:\/\/echtundlebendig.de\/wp-content\/uploads\/2019\/01\/Oliver-Paarshoot-16.jpg 2817w, http:\/\/echtundlebendig.de\/wp-content\/uploads\/2019\/01\/Oliver-Paarshoot-16-300x200.jpg 300w, http:\/\/echtundlebendig.de\/wp-content\/uploads\/2019\/01\/Oliver-Paarshoot-16-768x512.jpg 768w, http:\/\/echtundlebendig.de\/wp-content\/uploads\/2019\/01\/Oliver-Paarshoot-16-1024x683.jpg 1024w\" sizes=\"auto, (max-width: 2817px) 100vw, 2817px\" \/><\/p>\n","protected":false},"excerpt":{"rendered":"<p>Hochzeitsfotografie ist ein besonders anspruchsvoller Bereich der Fotografie. In meinen Augen muss ein Fotograf oder eine Fotografin hier eine Vielzahl an Genres beherrschen (Reportage im Verlauf des Tages, Stillleben und Detailsshots von der Deko, je nach Location Geb\u00e4ude- und Landschaftsfotografie, Gruppenfoto und nat\u00fcrlich das Paarshooting). &hellip; <a href=\"http:\/\/echtundlebendig.de\/?page_id=10\" class=\"more-link\"><span>Continue reading<span class=\"screen-reader-text\">Hochzeitsfotografie<\/span><\/span><\/a><\/p>\n","protected":false},"author":1,"featured_media":106,"parent":0,"menu_order":0,"comment_status":"closed","ping_status":"closed","template":"","meta":{"ngg_post_thumbnail":0,"jetpack_post_was_ever_published":false,"footnotes":""},"class_list":["post-10","page","type-page","status-publish","has-post-thumbnail","hentry"],"jetpack_sharing_enabled":true,"jetpack_shortlink":"https:\/\/wp.me\/PaBOrk-a","_links":{"self":[{"href":"http:\/\/echtundlebendig.de\/index.php?rest_route=\/wp\/v2\/pages\/10","targetHints":{"allow":["GET"]}}],"collection":[{"href":"http:\/\/echtundlebendig.de\/index.php?rest_route=\/wp\/v2\/pages"}],"about":[{"href":"http:\/\/echtundlebendig.de\/index.php?rest_route=\/wp\/v2\/types\/page"}],"author":[{"embeddable":true,"href":"http:\/\/echtundlebendig.de\/index.php?rest_route=\/wp\/v2\/users\/1"}],"replies":[{"embeddable":true,"href":"http:\/\/echtundlebendig.de\/index.php?rest_route=%2Fwp%2Fv2%2Fcomments&post=10"}],"version-history":[{"count":5,"href":"http:\/\/echtundlebendig.de\/index.php?rest_route=\/wp\/v2\/pages\/10\/revisions"}],"predecessor-version":[{"id":305,"href":"http:\/\/echtundlebendig.de\/index.php?rest_route=\/wp\/v2\/pages\/10\/revisions\/305"}],"wp:featuredmedia":[{"embeddable":true,"href":"http:\/\/echtundlebendig.de\/index.php?rest_route=\/wp\/v2\/media\/106"}],"wp:attachment":[{"href":"http:\/\/echtundlebendig.de\/index.php?rest_route=%2Fwp%2Fv2%2Fmedia&parent=10"}],"curies":[{"name":"wp","href":"https:\/\/api.w.org\/{rel}","templated":true}]}}